{"id":1851,"date":"2016-04-10T09:25:20","date_gmt":"2016-04-10T09:25:20","guid":{"rendered":"http:\/\/www.sensorrauschen.de\/blog\/?page_id=1851"},"modified":"2023-11-26T10:17:25","modified_gmt":"2023-11-26T10:17:25","slug":"ueber-mich","status":"publish","type":"page","link":"https:\/\/www.sensorrauschen.de\/blog\/?page_id=1851","title":{"rendered":"Info"},"content":{"rendered":"<div id=\"text\">\n<p>Mein Name ist Jan Lamprecht, ich lebe in M\u00fcnster und ich liebe die M\u00f6glichkeit, mit Fotos Geschichten \u00fcber Menschen zu erz\u00e4hlen oder einfach nur eine Stimmung zu inszenieren.<\/p>\n<p>Ich nehme derzeit keine kommerziellen Anfragen an, insbesondere auch nicht f\u00fcr Hochzeitsfotografie, da ich die Fotografie nur noch als Hobby betreibe.<\/p>\n<p><a href=\"https:\/\/www.sensorrauschen.de\/blog\/wp-content\/uploads\/IMG_8803-300px.jpg\" rel=\"attachment wp-att-1859\"><img loading=\"lazy\" decoding=\"async\" class=\"aligncenter size-full wp-image-1859\" src=\"https:\/\/www.sensorrauschen.de\/blog\/wp-content\/uploads\/IMG_8803-300px.jpg\" alt=\"IMG_8803-300px\" width=\"300\" height=\"200\" \/><\/a><\/p>\n<\/div>\n<div id=\"text\"><\/div>\n","protected":false},"excerpt":{"rendered":"<p>Mein Name ist Jan Lamprecht, ich lebe in M\u00fcnster und ich liebe die M\u00f6glichkeit, mit Fotos Geschichten \u00fcber Menschen zu erz\u00e4hlen oder einfach nur eine Stimmung zu inszenieren. Ich nehme derzeit keine kommerziellen Anfragen an, insbesondere auch nicht f\u00fcr Hochzeitsfotografie, da ich die Fotografie nur noch als Hobby betreibe.<\/p>\n","protected":false},"author":1,"featured_media":0,"parent":0,"menu_order":0,"comment_status":"closed","ping_status":"closed","template":"","meta":{"_acf_changed":false,"footnotes":""},"class_list":["post-1851","page","type-page","status-publish","hentry"],"acf":[],"_links":{"self":[{"href":"https:\/\/www.sensorrauschen.de\/blog\/index.php?rest_route=\/wp\/v2\/pages\/1851","targetHints":{"allow":["GET"]}}],"collection":[{"href":"https:\/\/www.sensorrauschen.de\/blog\/index.php?rest_route=\/wp\/v2\/pages"}],"about":[{"href":"https:\/\/www.sensorrauschen.de\/blog\/index.php?rest_route=\/wp\/v2\/types\/page"}],"author":[{"embeddable":true,"href":"https:\/\/www.sensorrauschen.de\/blog\/index.php?rest_route=\/wp\/v2\/users\/1"}],"replies":[{"embeddable":true,"href":"https:\/\/www.sensorrauschen.de\/blog\/index.php?rest_route=%2Fwp%2Fv2%2Fcomments&post=1851"}],"version-history":[{"count":23,"href":"https:\/\/www.sensorrauschen.de\/blog\/index.php?rest_route=\/wp\/v2\/pages\/1851\/revisions"}],"predecessor-version":[{"id":2007,"href":"https:\/\/www.sensorrauschen.de\/blog\/index.php?rest_route=\/wp\/v2\/pages\/1851\/revisions\/2007"}],"wp:attachment":[{"href":"https:\/\/www.sensorrauschen.de\/blog\/index.php?rest_route=%2Fwp%2Fv2%2Fmedia&parent=1851"}],"curies":[{"name":"wp","href":"https:\/\/api.w.org\/{rel}","templated":true}]}}